{"id":60,"date":"2024-10-26T04:08:45","date_gmt":"2024-10-26T04:08:45","guid":{"rendered":"https:\/\/themedemos.cozythemes.com\/saaslauncher\/?page_id=587"},"modified":"2025-08-29T13:37:25","modified_gmt":"2025-08-29T16:37:25","slug":"sobre","status":"publish","type":"page","link":"https:\/\/luxontv.online\/es\/sobre\/","title":{"rendered":"Acerca de"},"content":{"rendered":"<div class=\"wp-block-group is-layout-constrained wp-container-core-group-is-layout-89c2555c wp-block-group-is-layout-constrained\" style=\"margin-top:0;margin-bottom:0;padding-top:0;padding-right:0;padding-bottom:0;padding-left:0\">\n<div class=\"wp-block-group has-dark-shade-background-color has-background is-layout-constrained wp-container-core-group-is-layout-8008f756 wp-block-group-is-layout-constrained\" style=\"margin-top:0;margin-bottom:0;padding-top:var(--wp--preset--spacing--80);padding-right:var(--wp--preset--spacing--40);padding-bottom:6rem;padding-left:var(--wp--preset--spacing--40)\">\n<div class=\"wp-block-columns are-vertically-aligned-top is-layout-flex wp-container-core-columns-is-layout-4cf83d18 wp-block-columns-is-layout-flex\" style=\"margin-top:0;margin-bottom:64px\">\n<div class=\"wp-block-column is-vertically-aligned-top is-layout-flow wp-block-column-is-layout-flow\" style=\"flex-basis:45%\">\n<div class=\"wp-block-group is-content-justification-left is-nowrap is-layout-flex wp-container-core-group-is-layout-fc9f69e7 wp-block-group-is-layout-flex\">\n<div class=\"wp-block-group is-style-default has-background-alt-background-color has-background is-layout-constrained wp-container-core-group-is-layout-60c728f1 wp-block-group-is-layout-constrained\" style=\"border-width:1px;border-radius:60px;margin-bottom:16px;padding-top:8px;padding-right:24px;padding-bottom:8px;padding-left:24px\">\n<h5 class=\"wp-block-heading has-light-color-color has-text-color has-link-color has-small-font-size wp-elements-6ac931f6f98d64d21c452291ffbb3214\" style=\"text-transform:uppercase\">SOBRE NOSOTROS<\/h5>\n<\/div>\n<\/div>\n\n\n\n<h1 class=\"wp-block-heading has-light-color-color has-text-color has-link-color has-xx-large-font-size wp-elements-b7fc38ef16bb40ef3b738c23b5d6e9cd\" style=\"margin-top:10px;margin-bottom:0;font-style:normal;font-weight:700;line-height:1.2\">LUXON TV <\/h1>\n<\/div>\n\n\n\n<div class=\"wp-block-column is-vertically-aligned-top is-layout-flow wp-block-column-is-layout-flow\">\n<div style=\"height:50px\" aria-hidden=\"true\" class=\"wp-block-spacer\"><\/div>\n\n\n\n<p class=\"has-foreground-alt-color has-text-color has-link-color wp-elements-29b6ee3aa7dc399ae140aea6ae6fe177\" style=\"font-size:clamp(14px, 0.875rem + ((1vw - 3.2px) * 0.244), 18px);\">A\u00f1os de experiencia ofreciendo lo mejor del entretenimiento a miles de clientes satisfechos. Nuestra lista IPTV ofrece calidad, estabilidad y contenido para todos los gustos, sin interrupciones.<\/p>\n<\/div>\n<\/div>\n<\/div>\n\n\n\n<div class=\"wp-block-group is-layout-constrained wp-container-core-group-is-layout-e6f1036d wp-block-group-is-layout-constrained\" style=\"margin-top:0;margin-bottom:0;padding-top:0;padding-right:0;padding-bottom:0;padding-left:0\">\n<div class=\"wp-block-group has-gradient-three-gradient-background has-background is-layout-constrained wp-container-core-group-is-layout-18fedf97 wp-block-group-is-layout-constrained\" style=\"margin-top:0;margin-bottom:0;padding-top:7rem;padding-right:var(--wp--preset--spacing--40);padding-bottom:var(--wp--preset--spacing--60);padding-left:var(--wp--preset--spacing--40)\">\n<div class=\"wp-block-columns are-vertically-aligned-center is-layout-flex wp-container-core-columns-is-layout-145a2ba8 wp-block-columns-is-layout-flex\">\n<div class=\"wp-block-column is-vertically-aligned-center is-layout-flow wp-block-column-is-layout-flow\" style=\"flex-basis:50%\">\n<div class=\"wp-block-group is-content-justification-left is-layout-constrained wp-container-core-group-is-layout-dc422f70 wp-block-group-is-layout-constrained\" style=\"padding-top:var(--wp--preset--spacing--50);padding-right:var(--wp--preset--spacing--50);padding-bottom:var(--wp--preset--spacing--50);padding-left:var(--wp--preset--spacing--50)\">\n<div class=\"wp-block-group is-content-justification-left is-nowrap is-layout-flex wp-container-core-group-is-layout-2383ff3b wp-block-group-is-layout-flex\" style=\"margin-bottom:24px\">\n<div class=\"wp-block-group is-style-saaslauncher-gradient-border has-dark-shade-background-color has-background is-layout-constrained wp-container-core-group-is-layout-f5e70790 wp-block-group-is-layout-constrained\" style=\"border-radius:60px;border-top-width:1px;border-right-width:1px;border-bottom-style:none;border-bottom-width:0px;border-left-width:1px;padding-top:8px;padding-right:24px;padding-bottom:8px;padding-left:24px\">\n<h5 class=\"wp-block-heading has-light-color-color has-text-color has-link-color has-normal-font-size wp-elements-bb99818c1e1f867e6486b3c91b55b17d\">Nuestra Visi\u00f3n y Misi\u00f3n<\/h5>\n<\/div>\n<\/div>\n\n\n\n<h3 class=\"wp-block-heading has-light-color-color has-text-color has-link-color wp-elements-2e48b3381ba6f62a6f80763eaddca7f1\" style=\"line-height:1.3\">Revolucionando la IPTV con enfoques m\u00e1s inteligentes.<\/h3>\n\n\n\n<p class=\"has-light-color-color has-text-color has-link-color wp-elements-eb383755803807c6178ee31ca82c517b\" style=\"margin-bottom:28px\">Estamos cambiando la forma en que ves TV, combinando calidad, estabilidad y una experiencia personalizada. Con transmisiones r\u00e1pidas, cat\u00e1logo actualizado y soporte dedicado, ofrecemos m\u00e1s que entretenimiento: brindamos practicidad, libertad e innovaci\u00f3n directamente para ti.<\/p>\n\n\n\n<p class=\"has-light-color-color has-text-color has-link-color wp-elements-ebdd8b70beacdb013fb35b6e2271c169\" style=\"margin-bottom:28px\"><\/p>\n<\/div>\n<\/div>\n<\/div>\n<\/div>\n\n\n\n<div class=\"wp-block-group has-gradient-ten-gradient-background has-background is-layout-constrained wp-container-core-group-is-layout-c1f5e20f wp-block-group-is-layout-constrained\" style=\"margin-top:0;margin-bottom:0;padding-top:var(--wp--preset--spacing--70);padding-right:var(--wp--preset--spacing--40);padding-bottom:7rem;padding-left:var(--wp--preset--spacing--40)\">\n<div class=\"wp-block-columns are-vertically-aligned-center is-layout-flex wp-container-core-columns-is-layout-145a2ba8 wp-block-columns-is-layout-flex\">\n<div class=\"wp-block-column is-vertically-aligned-center is-layout-flow wp-block-column-is-layout-flow\" style=\"padding-top:var(--wp--preset--spacing--50);padding-right:0;padding-bottom:var(--wp--preset--spacing--50);padding-left:0;flex-basis:50%\">\n<div class=\"wp-block-group is-content-justification-right is-layout-constrained wp-container-core-group-is-layout-1a8c00a0 wp-block-group-is-layout-constrained\" style=\"padding-top:var(--wp--preset--spacing--50);padding-right:0;padding-bottom:var(--wp--preset--spacing--50);padding-left:0\"><\/div>\n<\/div>\n\n\n\n<div class=\"wp-block-column is-vertically-aligned-center is-layout-flow wp-block-column-is-layout-flow\" style=\"padding-top:var(--wp--preset--spacing--50);padding-right:0;padding-bottom:var(--wp--preset--spacing--50);padding-left:0;flex-basis:50%\">\n<div class=\"wp-block-group is-content-justification-right is-layout-constrained wp-container-core-group-is-layout-1a8c00a0 wp-block-group-is-layout-constrained\" style=\"padding-top:var(--wp--preset--spacing--50);padding-right:0;padding-bottom:var(--wp--preset--spacing--50);padding-left:0\">\n<div class=\"wp-block-group is-content-justification-left is-nowrap is-layout-flex wp-container-core-group-is-layout-2383ff3b wp-block-group-is-layout-flex\" style=\"margin-bottom:24px\">\n<div class=\"wp-block-group is-style-saaslauncher-gradient-border has-dark-shade-background-color has-background is-layout-constrained wp-container-core-group-is-layout-f5e70790 wp-block-group-is-layout-constrained\" style=\"border-radius:60px;border-top-width:1px;border-right-width:1px;border-bottom-style:none;border-bottom-width:0px;border-left-width:1px;padding-top:8px;padding-right:24px;padding-bottom:8px;padding-left:24px\">\n<h5 class=\"wp-block-heading has-light-color-color has-text-color has-link-color has-normal-font-size wp-elements-78eba2683af01f024101f16848d26c2b\">Nuestro Compromiso<\/h5>\n<\/div>\n<\/div>\n\n\n\n<h3 class=\"wp-block-heading has-light-color-color has-text-color has-link-color wp-elements-1fd5cbd42d2bd277d79a4699d87e52e5\" style=\"line-height:1.3\"><strong>Elevando tu vida a trav\u00e9s del entretenimiento<\/strong><\/h3>\n\n\n\n<p class=\"has-light-color-color has-text-color has-link-color wp-elements-ca431ffef66e70d6e1e5d588589cc932\" style=\"margin-bottom:28px\">Descubre una nueva forma de ver TV, donde la diversi\u00f3n no tiene l\u00edmites.<br>Con miles de canales, pel\u00edculas y series a tu alcance, conviertes cada momento en una experiencia \u00fanica. Calidad, variedad y libertad para ver donde y cuando quieras: el entretenimiento que mereces, directamente para ti.<\/p>\n\n\n\n<p class=\"has-light-color-color has-text-color has-link-color wp-elements-ebdd8b70beacdb013fb35b6e2271c169\" style=\"margin-bottom:28px\"><\/p>\n<\/div>\n<\/div>\n<\/div>\n<\/div>\n<\/div>\n\n\n\n<div class=\"wp-block-group has-dark-shade-background-color has-background is-layout-constrained wp-container-core-group-is-layout-9b5ccdde wp-block-group-is-layout-constrained\" style=\"margin-top:0;margin-bottom:0;padding-top:7rem;padding-right:var(--wp--preset--spacing--40);padding-bottom:7rem;padding-left:var(--wp--preset--spacing--40)\">\n<div class=\"wp-block-columns is-layout-flex wp-container-core-columns-is-layout-c2d6fa21 wp-block-columns-is-layout-flex\">\n<div class=\"wp-block-column is-layout-flow wp-block-column-is-layout-flow\" style=\"flex-basis:40%\">\n<div class=\"wp-block-group is-layout-constrained wp-container-core-group-is-layout-12243e0f wp-block-group-is-layout-constrained wp-container-1 is-position-sticky\">\n<h1 class=\"wp-block-heading has-background-color has-text-color has-link-color wp-elements-91c54c09fbabef1705e3d247ac219588\" style=\"line-height:1.3\">The Number That Speaks<\/h1>\n\n\n\n<p class=\"has-foreground-alt-color has-text-color has-link-color wp-elements-60666a1160e5ee27f79982b54703078a\" style=\"font-size:clamp(14px, 0.875rem + ((1vw - 3.2px) * 0.244), 18px);\">Imagina tener acceso a <strong>miles de canales nacionales e internacionales<\/strong>, pel\u00edculas y series en calidad HD y 4K, transmisiones deportivas en vivo, contenido infantil, documentales, m\u00fasica y mucho m\u00e1s\u2026 todo esto en la palma de tu mano y a un precio que cabe en tu bolsillo.<\/p>\n\n\n\n<p class=\"has-foreground-alt-color has-text-color has-link-color wp-elements-820e5aded68e31bf568547f5680b153f\" style=\"font-size:clamp(14px, 0.875rem + ((1vw - 3.2px) * 0.244), 18px);\">Con nuestra <strong>lista IPTV exclusiva<\/strong>, te desconectas del costoso y limitado cable y pasas a tener <strong>libertad total para ver lo que quieras, donde quieras y cuando quieras<\/strong>. Ya sea en la televisi\u00f3n de la sala, en el celular durante el viaje o en la notebook en el descanso del trabajo, siempre est\u00e1s conectado al mejor entretenimiento.<\/p>\n<\/div>\n<\/div>\n\n\n\n<div class=\"wp-block-column is-layout-flow wp-container-core-column-is-layout-fc5e3b10 wp-block-column-is-layout-flow\">\n<div class=\"wp-block-group is-layout-constrained wp-container-core-group-is-layout-12243e0f wp-block-group-is-layout-constrained\">\n<h1 class=\"wp-block-heading has-text-align-left has-primary-color has-text-color has-link-color has-xxx-large-font-size wp-elements-df3ccd7a0b05c20c3ade24a94ffcdd0f\" style=\"font-style:normal;font-weight:800\">1000+<\/h1>\n\n\n\n<div class=\"wp-block-group is-vertical is-layout-flex wp-container-core-group-is-layout-0f3ba53c wp-block-group-is-layout-flex\" style=\"margin-top:0px;margin-bottom:0\">\n<h4 class=\"wp-block-heading has-text-align-left has-light-color-color has-text-color has-link-color wp-elements-12dbd08e1249219805d6770d69f60756\" style=\"font-size:clamp(17.905px, 1.119rem + ((1vw - 3.2px) * 0.616), 28px);font-style:normal;font-weight:700\">Clientes en todo Brasil<\/h4>\n\n\n\n<p class=\"has-foreground-alt-color has-text-color has-link-color wp-elements-c474e2b99485a6b3c70d55cfb30ff2a6\">Nuestra empresa cuenta con m\u00e1s de 1000 clientes satisfechos en todo Brasil, siendo as\u00ed una empresa que es referente en este sector, ya que ofrecemos el mejor servicio a nuestros clientes.<\/p>\n<\/div>\n<\/div>\n\n\n\n<div class=\"wp-block-group is-layout-constrained wp-container-core-group-is-layout-12243e0f wp-block-group-is-layout-constrained\">\n<h1 class=\"wp-block-heading has-text-align-left has-primary-color has-text-color has-link-color has-xxx-large-font-size wp-elements-2c78016d79cbe195cfa2cc5c44fc96b0\" style=\"font-style:normal;font-weight:800\">5+<\/h1>\n\n\n\n<div class=\"wp-block-group is-vertical is-layout-flex wp-container-core-group-is-layout-1a31ed78 wp-block-group-is-layout-flex\" style=\"margin-top:0px;margin-bottom:0px\">\n<h4 class=\"wp-block-heading has-text-align-left has-light-color-color has-text-color has-link-color wp-elements-c60b37ef883a364fb7612fbc99cef458\" style=\"font-size:clamp(17.905px, 1.119rem + ((1vw - 3.2px) * 0.616), 28px);font-style:normal;font-weight:700\">A\u00f1os en el Mercado<\/h4>\n\n\n\n<p class=\"has-foreground-alt-color has-text-color has-link-color wp-elements-344ab6e70936043431e6550d81363cd8\">Llevamos m\u00e1s de 5 a\u00f1os en el mercado, y durante todo este tiempo, hemos investigado y lidiado con las mejores y peores soluciones del sector, y hoy sabemos que ofrecemos uno de los mejores servicios de Brasil.<\/p>\n<\/div>\n<\/div>\n\n\n\n<div class=\"wp-block-group is-layout-constrained wp-container-core-group-is-layout-12243e0f wp-block-group-is-layout-constrained\">\n<h1 class=\"wp-block-heading has-text-align-left has-primary-color has-text-color has-link-color has-xxx-large-font-size wp-elements-181902333a8341e594475e5df2304afc\" style=\"font-style:normal;font-weight:800\"><strong>99% de Estabilidad<\/strong><\/h1>\n\n\n\n<div class=\"wp-block-group is-vertical is-layout-flex wp-container-core-group-is-layout-0f3ba53c wp-block-group-is-layout-flex\" style=\"margin-top:0px;margin-bottom:0\">\n<h4 class=\"wp-block-heading has-text-align-left has-light-color-color has-text-color has-link-color wp-elements-394698e83afc256b2aaabccb30183ded\" style=\"font-size:clamp(17.905px, 1.119rem + ((1vw - 3.2px) * 0.616), 28px);font-style:normal;font-weight:700\">Sin Interrupciones<\/h4>\n\n\n\n<p class=\"has-foreground-alt-color has-text-color has-link-color wp-elements-5eb0959af7fa7cba82c91e9a8128788b\">Garantizamos calidad y transmisi\u00f3n sin interrupciones para que disfrutes al m\u00e1ximo, a diferencia de muchas otras listas en el mercado, que ofrecen precios bajos pero sin calidad.<\/p>\n\n\n\n<p class=\"has-foreground-alt-color has-text-color has-link-color wp-elements-555c46705b73931c8a2d8f04778d1f66\"><\/p>\n<\/div>\n<\/div>\n\n\n\n<div class=\"wp-block-group is-layout-constrained wp-container-core-group-is-layout-12243e0f wp-block-group-is-layout-constrained\">\n<h1 class=\"wp-block-heading has-text-align-left has-primary-color has-text-color has-link-color has-xxx-large-font-size wp-elements-9268f2b5b1b17d7e10171d86284f0301\" style=\"font-style:normal;font-weight:800\">Soporte 24\u202fh\/7<\/h1>\n\n\n\n<div class=\"wp-block-group is-vertical is-layout-flex wp-container-core-group-is-layout-1a31ed78 wp-block-group-is-layout-flex\" style=\"margin-top:0px;margin-bottom:0px\">\n<h4 class=\"wp-block-heading has-text-align-left has-light-color-color has-text-color has-link-color wp-elements-0499e8d215c7a25bd8575d6fadc9756f\" style=\"font-size:clamp(17.905px, 1.119rem + ((1vw - 3.2px) * 0.616), 28px);font-style:normal;font-weight:700\">Rese\u00f1as positivas<\/h4>\n\n\n\n<p class=\"has-foreground-alt-color has-text-color has-link-color wp-elements-30fb505939a63a88c37483f7755a463d\">Equipo siempre disponible para asistir, ya sea en la instalaci\u00f3n o en dudas t\u00e9cnicas. Siempre resolvemos tu problema sin importar la hora.<\/p>\n\n\n\n<p class=\"has-foreground-alt-color has-text-color has-link-color wp-elements-555c46705b73931c8a2d8f04778d1f66\"><\/p>\n<\/div>\n<\/div>\n<\/div>\n<\/div>\n<\/div>\n\n\n\n<div class=\"wp-block-group is-layout-constrained wp-container-core-group-is-layout-e6f1036d wp-block-group-is-layout-constrained\" style=\"margin-top:0;margin-bottom:0;padding-top:0;padding-right:0;padding-bottom:0;padding-left:0\">\n<div class=\"wp-block-cover\" style=\"margin-top:0;margin-bottom:0;padding-top:0;padding-right:var(--wp--preset--spacing--40);padding-bottom:var(--wp--preset--spacing--80);padding-left:var(--wp--preset--spacing--40);min-height:580px;aspect-ratio:unset;\"><span aria-hidden=\"true\" class=\"wp-block-cover__background has-background-dim-100 has-background-dim has-background-gradient has-center-bottom-gradient-gradient-background\"><\/span><div class=\"wp-block-cover__inner-container is-layout-constrained wp-container-core-cover-is-layout-5e4da3c5 wp-block-cover-is-layout-constrained\">\n<div class=\"wp-block-group is-content-justification-center is-nowrap is-layout-flex wp-container-core-group-is-layout-23441af8 wp-block-group-is-layout-flex\">\n<div class=\"wp-block-group is-style-default has-border-color has-border-color-border-color is-layout-constrained wp-container-core-group-is-layout-f5e70790 wp-block-group-is-layout-constrained\" style=\"border-width:1px;border-radius:60px;padding-top:8px;padding-right:24px;padding-bottom:8px;padding-left:24px\">\n<h5 class=\"wp-block-heading has-light-color-color has-text-color has-link-color has-small-font-size wp-elements-b49ca6b053fc1599ac7c5b11ed605b7a\" style=\"text-transform:uppercase\">\u00a1VAMOS A COMENZAR!<\/h5>\n<\/div>\n<\/div>\n\n\n\n<h1 class=\"wp-block-heading has-text-align-center has-light-color-color has-text-color has-link-color has-xx-large-font-size wp-elements-2f539e8e2edd6a6cb4de586db4a33e5a\" style=\"font-style:normal;font-weight:700;line-height:1.4\">\u00a1Eleva tu vida con soluciones inteligentes y escalables!<\/h1>\n\n\n\n<p class=\"has-text-align-center has-foreground-alt-color has-text-color has-link-color has-medium-font-size wp-elements-b9296547fe5d3d18a63e53ebbcfb94ae\">Con solo unos pocos clics, ves lo que quieras, donde quieras. Compatible con TV, TV Box, celular, computadora y tableta.<\/p>\n\n\n\n<div class=\"wp-block-buttons is-style-button-zoom-on-hover is-content-justification-center is-layout-flex wp-container-core-buttons-is-layout-660f9ef0 wp-block-buttons-is-layout-flex\" style=\"margin-top:40px\">\n<div class=\"wp-block-button is-style-button-hover-secondary-bgcolor\"><a class=\"wp-block-button__link has-gradient-twelve-gradient-background has-background has-medium-font-size has-custom-font-size wp-element-button\" style=\"border-radius:60px;padding-top:20px;padding-right:34px;padding-bottom:20px;padding-left:34px\">PRUEBA GRATIS<\/a><\/div>\n\n\n\n<div class=\"wp-block-button is-style-button-hover-secondary-bgcolor\"><a class=\"wp-block-button__link has-primary-color has-background-background-color has-text-color has-background has-link-color has-medium-font-size has-custom-font-size wp-element-button\" style=\"border-radius:60px;padding-top:20px;padding-right:34px;padding-bottom:20px;padding-left:34px\">ASEGURA TU ACCESO<\/a><\/div>\n<\/div>\n<\/div><\/div>\n<\/div>\n<\/div>","protected":false},"excerpt":{"rendered":"<p>SOBRE N\u00d3S LUXON TV Anos de experi\u00eancia trazendo o melhor do entretenimento para milhares de clientes satisfeitos. Nossa lista IPTV entrega qualidade, estabilidade e conte\u00fado para todos os gostos, sem travamentos. Nossa Vis\u00e3o e Miss\u00e3o Revolucionando a IPTV com abordagens mais inteligentes. Estamos mudando a forma como voc\u00ea assiste TV, combinando qualidade, estabilidade e uma&#8230;<\/p>","protected":false},"author":1,"featured_media":0,"parent":0,"menu_order":0,"comment_status":"closed","ping_status":"closed","template":"blank-with-header-footer","meta":{"footnotes":""},"class_list":["post-60","page","type-page","status-publish","hentry"],"_links":{"self":[{"href":"https:\/\/luxontv.online\/es\/wp-json\/wp\/v2\/pages\/60","targetHints":{"allow":["GET"]}}],"collection":[{"href":"https:\/\/luxontv.online\/es\/wp-json\/wp\/v2\/pages"}],"about":[{"href":"https:\/\/luxontv.online\/es\/wp-json\/wp\/v2\/types\/page"}],"author":[{"embeddable":true,"href":"https:\/\/luxontv.online\/es\/wp-json\/wp\/v2\/users\/1"}],"replies":[{"embeddable":true,"href":"https:\/\/luxontv.online\/es\/wp-json\/wp\/v2\/comments?post=60"}],"version-history":[{"count":7,"href":"https:\/\/luxontv.online\/es\/wp-json\/wp\/v2\/pages\/60\/revisions"}],"predecessor-version":[{"id":159,"href":"https:\/\/luxontv.online\/es\/wp-json\/wp\/v2\/pages\/60\/revisions\/159"}],"wp:attachment":[{"href":"https:\/\/luxontv.online\/es\/wp-json\/wp\/v2\/media?parent=60"}],"curies":[{"name":"wp","href":"https:\/\/api.w.org\/{rel}","templated":true}]}}