{"id":58,"date":"2024-10-26T04:08:57","date_gmt":"2024-10-26T04:08:57","guid":{"rendered":"https:\/\/themedemos.cozythemes.com\/saaslauncher\/?page_id=590"},"modified":"2025-08-29T13:34:57","modified_gmt":"2025-08-29T16:34:57","slug":"nossos-servicos","status":"publish","type":"page","link":"https:\/\/luxontv.online\/es\/nossos-servicos\/","title":{"rendered":"Nuestros Servicios"},"content":{"rendered":"<div class=\"wp-block-group is-layout-constrained wp-container-core-group-is-layout-43bc439d wp-block-group-is-layout-constrained\" style=\"margin-top:0;margin-bottom:0;padding-top:0;padding-right:0;padding-bottom:0;padding-left:0\">\n<div class=\"wp-block-group has-dark-shade-background-color has-background is-layout-constrained wp-container-core-group-is-layout-6e735b05 wp-block-group-is-layout-constrained\" style=\"margin-top:0;margin-bottom:0;padding-top:6rem;padding-right:var(--wp--preset--spacing--40);padding-bottom:6rem;padding-left:var(--wp--preset--spacing--40)\">\n<div class=\"wp-block-columns are-vertically-aligned-center is-layout-flex wp-container-core-columns-is-layout-63dd181b wp-block-columns-is-layout-flex\" style=\"margin-top:0;margin-bottom:0\">\n<div class=\"wp-block-column is-vertically-aligned-center is-layout-flow wp-block-column-is-layout-flow\">\n<h1 class=\"wp-block-heading has-light-color-color has-text-color has-link-color has-xx-large-font-size wp-elements-60cd6d748daf6fbf9aefa9bffb46972d\" style=\"margin-top:10px;margin-bottom:0;font-style:normal;font-weight:700;line-height:1.2\">Soluciones escalables para todas las etapas<\/h1>\n\n\n\n<p class=\"has-foreground-alt-color has-text-color has-link-color wp-elements-d81534f9e2ea0d56482d2bd2e0766fde\">Nuestra soluci\u00f3n (LISTA IPTV) est\u00e1 en constante evoluci\u00f3n; nunca dejamos de actualizar las pel\u00edculas, canales y series para ti. Siempre que haya alg\u00fan lanzamiento en alguna plataforma, tambi\u00e9n aparecer\u00e1 en nuestra lista de canales.<\/p>\n\n\n\n<div class=\"wp-block-group is-layout-constrained wp-container-core-group-is-layout-faa129b6 wp-block-group-is-layout-constrained\" style=\"margin-top:40px\">\n<ul style=\"margin-top:0;margin-bottom:0;padding-top:0;padding-right:0;padding-bottom:0;padding-left:0\" class=\"wp-block-list is-style-list-style-check-circle\">\n<li class=\"has-light-color-color has-text-color has-link-color has-medium-font-size wp-elements-7f239ff61862bceb5b2b72710d8c46b4\" style=\"font-style:normal;font-weight:600\">Variedad Incomparable de Canales<\/li>\n<\/ul>\n\n\n\n<p class=\"has-meta-color-color has-text-color has-link-color wp-elements-57ff9bdda25256b14ac639d3d5a4d23d\">M\u00e1s de miles de canales nacionales e internacionales, que abarcan deportes, pel\u00edculas, series, noticias, entretenimiento infantil, m\u00fasica y mucho m\u00e1s, todo en un solo lugar para satisfacer todos los gustos.<\/p>\n\n\n\n<p class=\"has-meta-color-color has-text-color has-link-color wp-elements-7400458ec0268464428a85bf0337e936\"><\/p>\n<\/div>\n\n\n\n<div class=\"wp-block-group is-layout-constrained wp-container-core-group-is-layout-92b9201d wp-block-group-is-layout-constrained\">\n<ul style=\"margin-top:0;margin-bottom:0;padding-top:0;padding-right:0;padding-bottom:0;padding-left:0\" class=\"wp-block-list is-style-list-style-check-circle\">\n<li class=\"has-light-color-color has-text-color has-link-color has-medium-font-size wp-elements-f2d913f58152992c95489319f39b9bd0\" style=\"font-style:normal;font-weight:600\">Calidad de Transmisi\u00f3n Premium<\/li>\n<\/ul>\n\n\n\n<p class=\"has-meta-color-color has-text-color has-link-color wp-elements-e3b15f1b2c4cfd75ac44a3436127954d\">Transmisi\u00f3n en alta definici\u00f3n (HD, Full HD y 4K), con estabilidad y sin interrupciones, para que disfrutes de tu contenido favorito con la mejor experiencia visual posible.<\/p>\n\n\n\n<p class=\"has-meta-color-color has-text-color has-link-color wp-elements-7400458ec0268464428a85bf0337e936\"><\/p>\n<\/div>\n\n\n\n<div class=\"wp-block-group is-layout-constrained wp-container-core-group-is-layout-92b9201d wp-block-group-is-layout-constrained\">\n<ul style=\"margin-top:0;margin-bottom:0;padding-top:0;padding-right:0;padding-bottom:0;padding-left:0\" class=\"wp-block-list is-style-list-style-check-circle\">\n<li class=\"has-light-color-color has-text-color has-link-color has-medium-font-size wp-elements-d9e083b9be309219448aae2723c8fdf9\" style=\"font-style:normal;font-weight:600\">Compatibilidad Total y Facilidad de Uso<\/li>\n<\/ul>\n\n\n\n<p class=\"has-meta-color-color has-text-color has-link-color wp-elements-9c3459149db0a940b12379f37f81eb5e\">Funciona en TVs, TV Boxes, celulares, tabletas y computadoras, con una configuraci\u00f3n r\u00e1pida y soporte especializado para ayudarte a empezar a ver en pocos minutos.<\/p>\n\n\n\n<p class=\"has-meta-color-color has-text-color has-link-color wp-elements-7400458ec0268464428a85bf0337e936\"><\/p>\n<\/div>\n<\/div>\n\n\n\n<div class=\"wp-block-column is-vertically-aligned-center is-layout-flow wp-block-column-is-layout-flow\" style=\"flex-basis:45%\"><\/div>\n<\/div>\n<\/div>\n\n\n\n<div class=\"wp-block-group is-layout-constrained wp-container-core-group-is-layout-e6f1036d wp-block-group-is-layout-constrained\" style=\"margin-top:0;margin-bottom:0;padding-top:0;padding-right:0;padding-bottom:0;padding-left:0\">\n<div class=\"wp-block-cover\" style=\"margin-top:0;margin-bottom:0;padding-top:0;padding-right:var(--wp--preset--spacing--40);padding-bottom:var(--wp--preset--spacing--80);padding-left:var(--wp--preset--spacing--40);min-height:580px;aspect-ratio:unset;\"><span aria-hidden=\"true\" class=\"wp-block-cover__background has-background-dim-100 has-background-dim has-background-gradient has-center-bottom-gradient-gradient-background\"><\/span><div class=\"wp-block-cover__inner-container is-layout-constrained wp-container-core-cover-is-layout-5e4da3c5 wp-block-cover-is-layout-constrained\">\n<div class=\"wp-block-group is-content-justification-center is-nowrap is-layout-flex wp-container-core-group-is-layout-23441af8 wp-block-group-is-layout-flex\">\n<div class=\"wp-block-group is-style-default has-border-color has-border-color-border-color is-layout-constrained wp-container-core-group-is-layout-f5e70790 wp-block-group-is-layout-constrained\" style=\"border-width:1px;border-radius:60px;padding-top:8px;padding-right:24px;padding-bottom:8px;padding-left:24px\">\n<h5 class=\"wp-block-heading has-light-color-color has-text-color has-link-color has-small-font-size wp-elements-2e92d093d60f18ed17eb2e43af1706f9\" style=\"text-transform:uppercase\">Vamos a empezar<\/h5>\n<\/div>\n<\/div>\n\n\n\n<h1 class=\"wp-block-heading has-text-align-center has-light-color-color has-text-color has-link-color has-xx-large-font-size wp-elements-1888027a56cf44d133e877f6d1e6d0ed\" style=\"font-style:normal;font-weight:700;line-height:1.4\"><strong>Eleva tu vida y disfruta del mejor entretenimiento, donde y cuando quieras.<\/strong><\/h1>\n\n\n\n<p class=\"has-text-align-center has-foreground-alt-color has-text-color has-link-color has-medium-font-size wp-elements-85b5db1d52b20df3659e9d3f4a3d75bb\">Con acceso ilimitado a miles de canales, pel\u00edculas y series en alta calidad, transformamos tu forma de ver la televisi\u00f3n en una experiencia \u00fanica, pr\u00e1ctica y llena de diversi\u00f3n. Ya sea en casa o de viaje, lleva lo mejor del entretenimiento siempre contigo.<\/p>\n\n\n\n<div class=\"wp-block-buttons is-style-button-zoom-on-hover is-content-justification-center is-layout-flex wp-container-core-buttons-is-layout-660f9ef0 wp-block-buttons-is-layout-flex\" style=\"margin-top:40px\">\n<div class=\"wp-block-button is-style-button-hover-secondary-bgcolor\"><a class=\"wp-block-button__link has-gradient-twelve-gradient-background has-background has-medium-font-size has-custom-font-size wp-element-button\" href=\"https:\/\/wa.link\/1nffhm\" style=\"border-radius:60px;padding-top:20px;padding-right:34px;padding-bottom:20px;padding-left:34px\">PRUEBA GRATIS<\/a><\/div>\n\n\n\n<div class=\"wp-block-button is-style-button-hover-secondary-bgcolor\"><a class=\"wp-block-button__link has-primary-color has-background-background-color has-text-color has-background has-link-color has-medium-font-size has-custom-font-size wp-element-button\" href=\"https:\/\/wa.link\/1nffhm\" style=\"border-radius:60px;padding-top:20px;padding-right:34px;padding-bottom:20px;padding-left:34px\">\u00a1Garantiza mi Acceso!<\/a><\/div>\n<\/div>\n<\/div><\/div>\n<\/div>\n<\/div>\n\n\n\n<p><\/p>","protected":false},"excerpt":{"rendered":"<p>Solu\u00e7\u00f5es escal\u00e1veis para todas as etapas Nossa solu\u00e7\u00e3o ( LISTA IPTV ) est\u00e1 em constante evolu\u00e7\u00e3o, nunca deixamos de atualizar os filmes, canais e s\u00e9ries para voc\u00ea, sempre que houver algum lan\u00e7amento em alguma plataforma, tamb\u00e9m vai aparecer em nossa lista de canais. Mais de milhares de canais nacionais e internacionais, abrangendo esportes, filmes, s\u00e9ries,&#8230;<\/p>","protected":false},"author":1,"featured_media":0,"parent":0,"menu_order":0,"comment_status":"closed","ping_status":"closed","template":"blank-with-header-footer","meta":{"footnotes":""},"class_list":["post-58","page","type-page","status-publish","hentry"],"_links":{"self":[{"href":"https:\/\/luxontv.online\/es\/wp-json\/wp\/v2\/pages\/58","targetHints":{"allow":["GET"]}}],"collection":[{"href":"https:\/\/luxontv.online\/es\/wp-json\/wp\/v2\/pages"}],"about":[{"href":"https:\/\/luxontv.online\/es\/wp-json\/wp\/v2\/types\/page"}],"author":[{"embeddable":true,"href":"https:\/\/luxontv.online\/es\/wp-json\/wp\/v2\/users\/1"}],"replies":[{"embeddable":true,"href":"https:\/\/luxontv.online\/es\/wp-json\/wp\/v2\/comments?post=58"}],"version-history":[{"count":5,"href":"https:\/\/luxontv.online\/es\/wp-json\/wp\/v2\/pages\/58\/revisions"}],"predecessor-version":[{"id":158,"href":"https:\/\/luxontv.online\/es\/wp-json\/wp\/v2\/pages\/58\/revisions\/158"}],"wp:attachment":[{"href":"https:\/\/luxontv.online\/es\/wp-json\/wp\/v2\/media?parent=58"}],"curies":[{"name":"wp","href":"https:\/\/api.w.org\/{rel}","templated":true}]}}