{"id":56,"date":"2024-10-26T04:09:08","date_gmt":"2024-10-26T04:09:08","guid":{"rendered":"https:\/\/themedemos.cozythemes.com\/saaslauncher\/?page_id=592"},"modified":"2025-08-28T14:07:52","modified_gmt":"2025-08-28T17:07:52","slug":"contato","status":"publish","type":"page","link":"https:\/\/luxontv.online\/es\/contato\/","title":{"rendered":"Contacto"},"content":{"rendered":"<div class=\"wp-block-group has-background-alt-background-color has-background is-layout-constrained wp-container-core-group-is-layout-9fdcf66f wp-block-group-is-layout-constrained\" style=\"margin-top:0;margin-bottom:0;padding-top:var(--wp--preset--spacing--80);padding-right:var(--wp--preset--spacing--40);padding-bottom:var(--wp--preset--spacing--80);padding-left:var(--wp--preset--spacing--40)\">\n<div class=\"wp-block-group is-layout-constrained wp-container-core-group-is-layout-f14046ae wp-block-group-is-layout-constrained\" style=\"margin-bottom:60px\">\n<div class=\"wp-block-group is-content-justification-left is-layout-constrained wp-container-core-group-is-layout-427925ea wp-block-group-is-layout-constrained\">\n<h1 class=\"wp-block-heading has-light-color-color has-text-color has-link-color wp-elements-c738b50a57baa0234ecafc62ea45bfaf\" style=\"font-style:normal;font-weight:800\">Resuelve tus Dudas con nuestro Soporte<\/h1>\n\n\n\n<p class=\"has-foreground-alt-color has-text-color has-link-color wp-elements-73508162b76dba89a44353f46736669f\" style=\"font-size:clamp(14px, 0.875rem + ((1vw - 3.2px) * 0.244), 18px);line-height:1.7\">Tenemos un equipo totalmente especializado para resolver todas tus dudas y realizar la instalaci\u00f3n de la aplicaci\u00f3n en tu TV. No pierdas tiempo y ven a realizar tu prueba gratuita.<\/p>\n<\/div>\n\n\n\n<div class=\"wp-block-columns are-vertically-aligned-top is-layout-flex wp-container-core-columns-is-layout-1a2d6aa2 wp-block-columns-is-layout-flex\">\n<div class=\"wp-block-column is-vertically-aligned-top is-layout-flow wp-block-column-is-layout-flow\">\n<div class=\"wp-block-group is-vertical is-layout-flex wp-container-core-group-is-layout-951bfa9f wp-block-group-is-layout-flex\" style=\"margin-top:24px\">\n<h4 class=\"wp-block-heading has-light-color-color has-text-color has-link-color wp-elements-9ef82b1e8ca43b5f4e56c920f5378d2d\">Tel\u00e9fono:<\/h4>\n\n\n\n<p class=\"has-sub-heading-color-color has-text-color\" style=\"font-size:clamp(14px, 0.875rem + ((1vw - 3.2px) * 0.244), 18px);font-style:normal;font-weight:500;line-height:1.6\"><a href=\"#\">(34)98413-7334<\/a><\/p>\n<\/div>\n\n\n\n<div class=\"wp-block-group is-vertical is-layout-flex wp-container-core-group-is-layout-951bfa9f wp-block-group-is-layout-flex\" style=\"margin-top:24px\">\n<h4 class=\"wp-block-heading has-light-color-color has-text-color has-link-color wp-elements-45a3b441bd3944b628fa1d76bbb8a219\">Correo electr\u00f3nico:<\/h4>\n\n\n\n<p class=\"has-sub-heading-color-color has-text-color\" style=\"font-size:clamp(14px, 0.875rem + ((1vw - 3.2px) * 0.244), 18px);font-style:normal;font-weight:500;line-height:1.6\"><a href=\"#\">contato@luxontv.online<\/a><\/p>\n<\/div>\n<\/div>\n<\/div>\n<\/div>\n<\/div>\n\n\n\n<div class=\"wp-block-group has-center-gradient-gradient-background has-background is-layout-constrained wp-container-core-group-is-layout-bfd5ac1a wp-block-group-is-layout-constrained\" style=\"margin-top:0;margin-bottom:0;padding-top:0;padding-right:var(--wp--preset--spacing--40);padding-bottom:0;padding-left:var(--wp--preset--spacing--40)\">\n<div class=\"wp-block-group is-layout-constrained wp-container-core-group-is-layout-e552a3c0 wp-block-group-is-layout-constrained\" style=\"padding-top:var(--wp--preset--spacing--50);padding-right:0;padding-bottom:var(--wp--preset--spacing--50);padding-left:0\">\n<iframe\n  src=\"https:\/\/www.google.com\/maps\/embed?pb=!1m18!1m12!1m3!1d3037.491338875562!2d-3.7037901846050516!3d40.41677547936666!2m3!1f0!2f0!3f0!3m2!1i1024!2i768!4f13.1!3m3!1m2!1s0xd422997800a7b4f%3A0x6c64115e51025a1b!2sPuerta%20del%20Sol%2C%2028013%20Madrid%2C%20Spain!5e0!3m2!1sen!2sbr!4v1625219200000!5m2!1sen!2sbr\"\n  width=\"100%\"\n  height=\"500\"\n  style=\"border:0;\"\n  allowfullscreen=\"\"\n  loading=\"lazy\"\n  referrerpolicy=\"no-referrer-when-downgrade\">\n<\/iframe>\n<\/div>\n<\/div>","protected":false},"excerpt":{"rendered":"<p>Tire as suas D\u00favidas com o nosso Suporte Temos uma equipe totalmente especializada para tirar todas as suas d\u00favidas e realizar a insta\u00e7\u00e3o do aplicativo em sua tv, n\u00e3o perca tempo e venha realizar o seu teste gr\u00e1tis. Telefone: (34)98413-7334 Email: contato@luxontv.online<\/p>","protected":false},"author":1,"featured_media":0,"parent":0,"menu_order":0,"comment_status":"closed","ping_status":"closed","template":"blank-with-header-footer","meta":{"footnotes":""},"class_list":["post-56","page","type-page","status-publish","hentry"],"_links":{"self":[{"href":"https:\/\/luxontv.online\/es\/wp-json\/wp\/v2\/pages\/56","targetHints":{"allow":["GET"]}}],"collection":[{"href":"https:\/\/luxontv.online\/es\/wp-json\/wp\/v2\/pages"}],"about":[{"href":"https:\/\/luxontv.online\/es\/wp-json\/wp\/v2\/types\/page"}],"author":[{"embeddable":true,"href":"https:\/\/luxontv.online\/es\/wp-json\/wp\/v2\/users\/1"}],"replies":[{"embeddable":true,"href":"https:\/\/luxontv.online\/es\/wp-json\/wp\/v2\/comments?post=56"}],"version-history":[{"count":6,"href":"https:\/\/luxontv.online\/es\/wp-json\/wp\/v2\/pages\/56\/revisions"}],"predecessor-version":[{"id":149,"href":"https:\/\/luxontv.online\/es\/wp-json\/wp\/v2\/pages\/56\/revisions\/149"}],"wp:attachment":[{"href":"https:\/\/luxontv.online\/es\/wp-json\/wp\/v2\/media?parent=56"}],"curies":[{"name":"wp","href":"https:\/\/api.w.org\/{rel}","templated":true}]}}