{"id":54,"date":"2025-05-07T10:10:44","date_gmt":"2025-05-07T10:10:44","guid":{"rendered":"https:\/\/themedemos.cozythemes.com\/saaslauncher\/?page_id=680"},"modified":"2026-02-11T10:45:04","modified_gmt":"2026-02-11T13:45:04","slug":"precos","status":"publish","type":"page","link":"https:\/\/luxontv.online\/es\/precos\/","title":{"rendered":"Precios"},"content":{"rendered":"<div class=\"wp-block-group has-gradient-nine-gradient-background has-background is-layout-constrained wp-container-core-group-is-layout-e6f1036d wp-block-group-is-layout-constrained\" style=\"margin-top:0;margin-bottom:0;padding-top:0;padding-right:0;padding-bottom:0;padding-left:0\">\n<div class=\"wp-block-group has-black-color-background-color has-background is-layout-constrained wp-container-core-group-is-layout-c9ca6372 wp-block-group-is-layout-constrained\" style=\"border-style:none;border-width:0px;padding-top:var(--wp--preset--spacing--70);padding-right:var(--wp--preset--spacing--40);padding-bottom:7rem;padding-left:var(--wp--preset--spacing--40)\">\n<div class=\"wp-block-group is-layout-constrained wp-container-core-group-is-layout-52516125 wp-block-group-is-layout-constrained\" style=\"margin-top:0;margin-bottom:64px;padding-top:0;padding-right:0;padding-bottom:0;padding-left:0\">\n<div class=\"wp-block-group is-content-justification-center is-nowrap is-layout-flex wp-container-core-group-is-layout-23441af8 wp-block-group-is-layout-flex\">\n<div class=\"wp-block-group is-style-default has-border-color has-border-color-border-color is-layout-constrained wp-container-core-group-is-layout-f5e70790 wp-block-group-is-layout-constrained\" style=\"border-width:1px;border-radius:60px;padding-top:8px;padding-right:24px;padding-bottom:8px;padding-left:24px\">\n<h5 class=\"wp-block-heading has-light-color-color has-text-color has-link-color has-small-font-size wp-elements-fac7993e00e306fb81bbb60454a00346\" style=\"text-transform:uppercase\">Precios y Planes<\/h5>\n<\/div>\n<\/div>\n\n\n\n<h1 class=\"wp-block-heading has-text-align-center has-light-color-color has-text-color has-link-color has-xx-large-font-size wp-elements-8ac55f090492a9e29640346cbc4ae43f\" style=\"font-style:normal;font-weight:700;line-height:1.3\">Planes simples, valor poderoso.<\/h1>\n\n\n\n<p class=\"has-text-align-center has-foreground-alt-color has-text-color has-link-color has-medium-font-size wp-elements-0d369bffdbe56886652cf9ea2f537756\">Ofrecemos solo un plan para as\u00ed poner lo mejor a disposici\u00f3n de todos nuestros clientes, sin que haya ninguna diferencia en la calidad o cantidad de canales.<\/p>\n<\/div>\n\n\n\n<div class=\"wp-block-columns is-layout-flex wp-container-core-columns-is-layout-1e8ce459 wp-block-columns-is-layout-flex\" style=\"margin-top:60px\">\n<div class=\"wp-block-column is-layout-flow wp-block-column-is-layout-flow\"><\/div>\n\n\n\n<div class=\"wp-block-column is-layout-flow wp-block-column-is-layout-flow\">\n<div class=\"wp-block-group is-style-homedroid-boxshadow modestra-hover-box is-style-saaslauncher-gradient-border has-border-color has-primary-border-color has-black-color-background-color has-background is-layout-constrained wp-container-core-group-is-layout-fab905c0 wp-block-group-is-layout-constrained\" style=\"border-width:1px;border-radius:20px;margin-top:0;margin-bottom:0;padding-top:40px;padding-right:40px;padding-bottom:40px;padding-left:40px\">\n<div class=\"wp-block-group is-nowrap is-layout-flex wp-container-core-group-is-layout-902a4479 wp-block-group-is-layout-flex\">\n<h1 class=\"wp-block-heading is-style-default has-light-color-color has-text-color has-link-color has-xx-large-font-size wp-elements-6f1e858908760c363f7cc62eaf03d0e9\" style=\"font-style:normal;font-weight:700;line-height:1\">\u20ac4,99<\/h1>\n\n\n\n<p class=\"has-light-color-color has-text-color has-link-color wp-elements-fe7ba97662abcb6ce702c38b53893a45\">\/mes<\/p>\n<\/div>\n\n\n\n<h4 class=\"wp-block-heading has-light-color-color has-text-color has-link-color has-medium-font-size wp-elements-eb9d9a7f96e801015fdd460842efc9ca\" style=\"margin-top:var(--wp--preset--spacing--30);margin-bottom:var(--wp--preset--spacing--30);font-style:normal;font-weight:500\">PLAN \u00daNICO<\/h4>\n\n\n\n<p class=\"has-foreground-alt-color has-text-color has-link-color wp-elements-c3c2881efc3138356f762b265664b32d\">Todas las series, canales y pel\u00edculas disponibles. M\u00e1s de 240 mil contenidos para ti, sin interrupciones ni retrasos; aqu\u00ed encuentras lo mejor del IPTV.<\/p>\n\n\n\n<div class=\"wp-block-buttons is-style-button-zoom-on-hover is-layout-flex wp-block-buttons-is-layout-flex\" style=\"margin-top:28px;margin-bottom:20px\">\n<div class=\"wp-block-button has-custom-width wp-block-button__width-100 is-style-button-hover-secondary-bgcolor\"><a class=\"wp-block-button__link has-light-color-color has-gradient-twelve-gradient-background has-text-color has-background has-link-color has-medium-font-size has-custom-font-size wp-element-button\" href=\"https:\/\/wa.link\/1nffhm\" style=\"border-radius:12px;padding-top:var(--wp--preset--spacing--40);padding-right:var(--wp--preset--spacing--30);padding-bottom:var(--wp--preset--spacing--40);padding-left:var(--wp--preset--spacing--30);font-style:normal;font-weight:500\">\u00a1Vamos a empezar!<\/a><\/div>\n<\/div>\n\n\n\n<div class=\"wp-block-group is-vertical is-layout-flex wp-container-core-group-is-layout-9a3dfb98 wp-block-group-is-layout-flex\" style=\"margin-top:0;margin-bottom:0\">\n<ul style=\"padding-top:0;padding-right:0;padding-bottom:0;padding-left:0\" class=\"wp-block-list is-style-hide-bullet-list-style-primary-shade-check is-style-list-style-check-circle-fade has-light-color-color has-text-color has-link-color wp-elements-e419f4e6685b7c2e6336ac0e973736e4\">\n<li style=\"margin-top:12px;margin-bottom:12px\">Acceso completo a m\u00e1s de 1.500 canales, incluyendo 4K.<\/li>\n\n\n\n<li style=\"margin-top:12px;margin-bottom:12px\">Pel\u00edculas de Estreno y Todas las Series.<\/li>\n\n\n\n<li style=\"margin-top:12px;margin-bottom:12px\">Soporte 24\u202fh con atenci\u00f3n VIP (chat en vivo + tel\u00e9fono).<\/li>\n\n\n\n<li style=\"margin-top:12px;margin-bottom:12px\">Garant\u00eda de estabilidad<\/li>\n\n\n\n<li style=\"margin-top:12px;margin-bottom:12px\">Acceso completo al cat\u00e1logo de pel\u00edculas, series y deportes.<\/li>\n\n\n\n<li style=\"margin-top:12px;margin-bottom:12px\">Compatible con todos los dispositivos (TV, TV Box, celular, tablet, PC)<\/li>\n<\/ul>\n<\/div>\n<\/div>\n<\/div>\n\n\n\n<div class=\"wp-block-column is-layout-flow wp-block-column-is-layout-flow\"><\/div>\n<\/div>\n\n\n\n<div class=\"wp-block-group is-layout-constrained wp-container-core-group-is-layout-89615c71 wp-block-group-is-layout-constrained\" style=\"margin-top:var(--wp--preset--spacing--70)\">\n<p class=\"has-text-align-center has-light-color-color has-text-color has-link-color has-medium-font-size wp-elements-26cccd4e5e3b4b609d03738933caa153\" style=\"line-height:1.6\">\u00bfA\u00fan tienes dudas? Todas las compras cuentan con garant\u00eda de devoluci\u00f3n del 100\u202f% del dinero. Prueba nuestro producto sin riesgos y, si no es de tu agrado, garantizamos tu reembolso completo \u2014sin preguntas.<\/p>\n<\/div>\n<\/div>\n\n\n\n<div class=\"wp-block-group alignfull has-dark-shade-background-color has-background is-layout-constrained wp-container-core-group-is-layout-58ff7398 wp-block-group-is-layout-constrained\" style=\"margin-top:0px;margin-bottom:0px;padding-top:7rem;padding-right:var(--wp--preset--spacing--40);padding-bottom:4rem;padding-left:var(--wp--preset--spacing--40)\">\n<div class=\"wp-block-group is-content-justification-center is-layout-constrained wp-container-core-group-is-layout-b6251e31 wp-block-group-is-layout-constrained\" style=\"margin-bottom:60px\">\n<div class=\"wp-block-group is-content-justification-center is-nowrap is-layout-flex wp-container-core-group-is-layout-23441af8 wp-block-group-is-layout-flex\">\n<div class=\"wp-block-group is-style-saaslauncher-gradient-border has-dark-shade-background-color has-background is-layout-constrained wp-container-core-group-is-layout-bccc2d18 wp-block-group-is-layout-constrained\" style=\"border-width:1px;border-radius:60px;padding-top:3px;padding-right:12px;padding-bottom:3px;padding-left:12px\">\n<h5 class=\"wp-block-heading has-light-color-color has-text-color has-link-color has-small-font-size wp-elements-b0efecb5bc88fbc72af2011d1067f7b4\">Testimonios y valoraciones<\/h5>\n<\/div>\n<\/div>\n\n\n\n<h1 class=\"wp-block-heading has-text-align-center has-light-color-color has-text-color has-link-color has-xxx-large-font-size wp-elements-f1398cc8fdab648df74d8a8416727711\" style=\"font-style:normal;font-weight:500;line-height:1.3\">Escucha a nuestros clientes satisfechos: sus historias.<\/h1>\n\n\n\n<p class=\"has-text-align-center has-foreground-alt-color has-text-color has-link-color wp-elements-980d5ad0cb57acf4ceb081d1137a744a\"><\/p>\n<\/div>\n\n\n\n<div class=\"wp-block-columns is-layout-flex wp-container-core-columns-is-layout-c90b289d wp-block-columns-is-layout-flex\" style=\"margin-top:0px\">\n<div class=\"wp-block-column is-layout-flow wp-block-column-is-layout-flow\">\n<div class=\"wp-block-group saaslauncher-hover-box has-border-color has-border-color-border-color is-layout-constrained wp-container-core-group-is-layout-0fb8fcd8 wp-block-group-is-layout-constrained\" style=\"border-width:1px;border-radius:12px;margin-top:0;margin-bottom:0;padding-top:40px;padding-right:40px;padding-bottom:40px;padding-left:40px\">\n<p class=\"has-foreground-alt-color has-text-color has-link-color has-medium-font-size wp-elements-12edd92b6d6d09e94e7926ad98d3609d\">Nunca pens\u00e9 que podr\u00eda acceder a tantos canales por un precio tan justo. La calidad de imagen es excelente y el servicio es muy estable. Adem\u00e1s, el soporte me ayud\u00f3 r\u00e1pidamente a configurar todo en mi dispositivo. \u00a1Lo recomiendo much\u00edsimo!<\/p>\n<\/div>\n<\/div>\n\n\n\n<div class=\"wp-block-column is-layout-flow wp-block-column-is-layout-flow\">\n<div class=\"wp-block-group saaslauncher-hover-box has-border-color has-border-color-border-color is-layout-constrained wp-container-core-group-is-layout-0fb8fcd8 wp-block-group-is-layout-constrained\" style=\"border-width:1px;border-radius:12px;margin-top:0;margin-bottom:0;padding-top:40px;padding-right:40px;padding-bottom:40px;padding-left:40px\">\n<p class=\"has-foreground-alt-color has-text-color has-link-color has-medium-font-size wp-elements-6d209a25b6a80d3d2dafc2da56797fbe\">\u00a1La lista IPTV que siempre busqu\u00e9! Tiene todo lo que me gusta: deportes, pel\u00edculas, series y canales infantiles para los ni\u00f1os. La uso en mi celular y en la Smart TV sin ning\u00fan problema. Vale cada centavo pagado.<\/p>\n<\/div>\n<\/div>\n<\/div>\n\n\n\n<div class=\"wp-block-columns is-layout-flex wp-container-core-columns-is-layout-7e7bcf4d wp-block-columns-is-layout-flex\" style=\"margin-top:28px\">\n<div class=\"wp-block-column is-layout-flow wp-block-column-is-layout-flow\">\n<div class=\"wp-block-group saaslauncher-hover-box has-border-color has-border-color-border-color is-layout-constrained wp-container-core-group-is-layout-0fb8fcd8 wp-block-group-is-layout-constrained\" style=\"border-width:1px;border-radius:12px;margin-top:0;margin-bottom:0;padding-top:40px;padding-right:40px;padding-bottom:40px;padding-left:40px\">\n<p class=\"has-foreground-alt-color has-text-color has-link-color has-medium-font-size wp-elements-56b0cf4ab42139bf0562d7a2a0f117d2\">El servicio es diferenciado, siempre r\u00e1pido y eficiente. Qued\u00e9 impresionado con la variedad de canales y la facilidad de instalaci\u00f3n. Es la mejor relaci\u00f3n calidad-precio que encontr\u00e9 en el mercado.<\/p>\n<\/div>\n<\/div>\n\n\n\n<div class=\"wp-block-column is-layout-flow wp-block-column-is-layout-flow\">\n<div class=\"wp-block-group saaslauncher-hover-box has-border-color has-border-color-border-color is-layout-constrained wp-container-core-group-is-layout-0fb8fcd8 wp-block-group-is-layout-constrained\" style=\"border-width:1px;border-radius:12px;margin-top:0;margin-bottom:0;padding-top:40px;padding-right:40px;padding-bottom:40px;padding-left:40px\">\n<p class=\"has-foreground-alt-color has-text-color has-link-color has-medium-font-size wp-elements-02521a1c59b198129f87b2d6e2f56dd4\">He usado el servicio por m\u00e1s de un a\u00f1o y no tengo nada de qu\u00e9 quejarme. La lista siempre est\u00e1 actualizada, los canales rara vez se caen y la calidad de imagen es muy buena. Lo recomiendo para quienes quieren alejarse de las operadoras tradicionales.<\/p>\n<\/div>\n<\/div>\n<\/div>\n\n\n\n<div class=\"wp-block-buttons is-style-button-zoom-on-hover is-content-justification-center is-layout-flex wp-container-core-buttons-is-layout-910b4642 wp-block-buttons-is-layout-flex\" style=\"margin-top:64px\">\n<div class=\"wp-block-button is-style-button-with-uparrow-icon\"><a class=\"wp-block-button__link has-gradient-twelve-gradient-background has-background has-medium-font-size has-custom-font-size wp-element-button\" href=\"https:\/\/wa.link\/1nffhm\" style=\"border-radius:60px;padding-top:20px;padding-right:32px;padding-bottom:20px;padding-left:32px\">\u00a1Quiero ver los contenidos!<\/a><\/div>\n<\/div>\n<\/div>\n\n\n\n<div class=\"wp-block-group has-light-shade-background-color has-background is-layout-constrained wp-container-core-group-is-layout-b46cc6d1 wp-block-group-is-layout-constrained\" style=\"padding-top:0;padding-right:0;padding-bottom:0;padding-left:0\">\n<div class=\"wp-block-cover\" style=\"min-height:360px;aspect-ratio:unset;\"><span aria-hidden=\"true\" class=\"wp-block-cover__background has-background-dim-100 has-background-dim has-background-gradient has-gradient-six-gradient-background\"><\/span><div class=\"wp-block-cover__inner-container is-layout-constrained wp-container-core-cover-is-layout-da7f0b59 wp-block-cover-is-layout-constrained\">\n<div class=\"wp-block-columns is-layout-flex wp-container-core-columns-is-layout-28f84493 wp-block-columns-is-layout-flex\">\n<div class=\"wp-block-column is-layout-flow wp-container-core-column-is-layout-22223934 wp-block-column-is-layout-flow\">\n<h1 class=\"wp-block-heading has-text-align-center\" style=\"font-size:clamp(35.2px, 2.2rem + ((1vw - 3.2px) * 1.756), 64px);font-style:normal;font-weight:800\">5+<\/h1>\n\n\n\n<h4 class=\"wp-block-heading has-text-align-center has-medium-font-size\" style=\"font-style:normal;font-weight:500\">A\u00f1os en el Mercado <\/h4>\n<\/div>\n\n\n\n<div class=\"wp-block-column is-layout-flow wp-container-core-column-is-layout-22223934 wp-block-column-is-layout-flow\">\n<h1 class=\"wp-block-heading has-text-align-center\" style=\"font-size:clamp(35.2px, 2.2rem + ((1vw - 3.2px) * 1.756), 64px);font-style:normal;font-weight:800\">24\/7<\/h1>\n\n\n\n<h4 class=\"wp-block-heading has-text-align-center has-medium-font-size\" style=\"font-style:normal;font-weight:500\">Soporte 24\u202fh\/7<\/h4>\n<\/div>\n\n\n\n<div class=\"wp-block-column is-layout-flow wp-container-core-column-is-layout-22223934 wp-block-column-is-layout-flow\">\n<h1 class=\"wp-block-heading has-text-align-center\" style=\"font-size:clamp(35.2px, 2.2rem + ((1vw - 3.2px) * 1.756), 64px);font-style:normal;font-weight:800\">+99%<\/h1>\n\n\n\n<h4 class=\"wp-block-heading has-text-align-center has-medium-font-size\" style=\"font-style:normal;font-weight:500\">Estabilidad del servicio<\/h4>\n<\/div>\n\n\n\n<div class=\"wp-block-column is-layout-flow wp-container-core-column-is-layout-22223934 wp-block-column-is-layout-flow\">\n<h1 class=\"wp-block-heading has-text-align-center\" style=\"font-size:clamp(35.2px, 2.2rem + ((1vw - 3.2px) * 1.756), 64px);font-style:normal;font-weight:800\">1000+<\/h1>\n\n\n\n<h4 class=\"wp-block-heading has-text-align-center has-medium-font-size\" style=\"font-style:normal;font-weight:500\">Valoraciones positivas<\/h4>\n<\/div>\n<\/div>\n<\/div><\/div>\n<\/div>\n\n\n\n<div class=\"wp-block-group alignfull has-background-alt-background-color has-background is-layout-constrained wp-container-core-group-is-layout-620d17d4 wp-block-group-is-layout-constrained\" style=\"margin-top:0;margin-bottom:0;padding-top:7rem;padding-right:var(--wp--preset--spacing--40);padding-bottom:7rem;padding-left:var(--wp--preset--spacing--40)\">\n<h1 class=\"wp-block-heading has-text-align-center has-light-color-color has-text-color has-link-color has-xxx-large-font-size wp-elements-8c206723cf063ebfd6cd25830dff0e6f\" style=\"font-style:normal;font-weight:500\">Preguntas frecuentes<\/h1>\n\n\n\n<p class=\"has-text-align-center has-foreground-alt-color has-text-color has-link-color wp-elements-980d5ad0cb57acf4ceb081d1137a744a\"><\/p>\n\n\n\n<div class=\"wp-block-group is-layout-constrained wp-container-core-group-is-layout-432e8fe0 wp-block-group-is-layout-constrained\" style=\"margin-top:44px\">\n<details class=\"wp-block-details has-border-color has-border-color-border-color has-light-color-color has-text-color has-link-color wp-elements-2b90e0854bf4f4a4b186c268b100955a wp-container-content-9cfa9a5a is-layout-flow wp-block-details-is-layout-flow\" style=\"border-width:1px;padding-top:var(--wp--preset--spacing--40);padding-right:var(--wp--preset--spacing--40);padding-bottom:var(--wp--preset--spacing--40);padding-left:var(--wp--preset--spacing--40);font-size:clamp(14px, 0.875rem + ((1vw - 3.2px) * 0.244), 18px);font-style:normal;font-weight:500\"><summary>\u00bfEn qu\u00e9 dispositivos puedo ver?<\/summary>\n<p class=\"has-normal-font-size\" style=\"font-style:normal;font-weight:400\">Puedes ver en la <strong>TV, TV Box, celular, tablet, computadora e incluso en la consola de videojuegos.<\/strong>Nuestro servicio es compatible con pr\u00e1cticamente cualquier dispositivo.<\/p>\n<\/details>\n\n\n\n<details class=\"wp-block-details has-border-color has-border-color-border-color has-light-color-color has-text-color has-link-color wp-elements-d202a0a159fe7760a5ca72c93ffd8859 wp-container-content-9cfa9a5a is-layout-flow wp-block-details-is-layout-flow\" style=\"border-width:1px;padding-top:var(--wp--preset--spacing--40);padding-right:var(--wp--preset--spacing--40);padding-bottom:var(--wp--preset--spacing--40);padding-left:var(--wp--preset--spacing--40);font-size:clamp(14px, 0.875rem + ((1vw - 3.2px) * 0.244), 18px);font-style:normal;font-weight:500\"><summary>\u00bfC\u00f3mo hago para instalar?<\/summary>\n<p class=\"has-normal-font-size\" style=\"font-style:normal;font-weight:400\">\u00a1Es sencillo! Despu\u00e9s de la confirmaci\u00f3n del pago, enviamos un paso a paso y los datos de acceso. En pocos minutos ya estar\u00e1s viendo.<\/p>\n<\/details>\n\n\n\n<details class=\"wp-block-details has-border-color has-border-color-border-color has-light-color-color has-text-color has-link-color wp-elements-5f57e9f9764162c88cd46fbe916583f9 wp-container-content-9cfa9a5a is-layout-flow wp-block-details-is-layout-flow\" style=\"border-width:1px;padding-top:var(--wp--preset--spacing--40);padding-right:var(--wp--preset--spacing--40);padding-bottom:var(--wp--preset--spacing--40);padding-left:var(--wp--preset--spacing--40);font-size:clamp(14px, 0.875rem + ((1vw - 3.2px) * 0.244), 18px);font-style:normal;font-weight:500\"><summary>\u00bfUstedes ofrecen soporte t\u00e9cnico?<\/summary>\n<p class=\"has-normal-font-size\" style=\"font-style:normal;font-weight:400\">\u00a1S\u00ed! Nuestro soporte est\u00e1 disponible para ayudarte con la instalaci\u00f3n y con cualquier duda que tengas, de manera r\u00e1pida y pr\u00e1ctica.<\/p>\n<\/details>\n\n\n\n<details class=\"wp-block-details has-border-color has-border-color-border-color has-light-color-color has-text-color has-link-color wp-elements-5bcb72cf424f24fbc3d63ffb4985938e wp-container-content-9cfa9a5a is-layout-flow wp-block-details-is-layout-flow\" style=\"border-width:1px;padding-top:var(--wp--preset--spacing--40);padding-right:var(--wp--preset--spacing--40);padding-bottom:var(--wp--preset--spacing--40);padding-left:var(--wp--preset--spacing--40);font-size:clamp(14px, 0.875rem + ((1vw - 3.2px) * 0.244), 18px);font-style:normal;font-weight:500\"><summary>\u00bfEl servicio tiene garant\u00eda?<\/summary>\n<p class=\"has-normal-font-size\" style=\"font-style:normal;font-weight:400\">S\u00ed. Ofrecemos <strong>garant\u00eda de estabilidad<\/strong> durante todo el per\u00edodo contratado. Si surge alg\u00fan problema, nuestro equipo lo resolver\u00e1 lo m\u00e1s r\u00e1pido posible.<\/p>\n<\/details>\n\n\n\n<details class=\"wp-block-details has-border-color has-border-color-border-color has-light-color-color has-text-color has-link-color wp-elements-ca930579d19953467fefd25e6a67fb5b wp-container-content-9cfa9a5a is-layout-flow wp-block-details-is-layout-flow\" style=\"border-width:1px;padding-top:var(--wp--preset--spacing--40);padding-right:var(--wp--preset--spacing--40);padding-bottom:var(--wp--preset--spacing--40);padding-left:var(--wp--preset--spacing--40);font-size:clamp(14px, 0.875rem + ((1vw - 3.2px) * 0.244), 18px);font-style:normal;font-weight:500\"><summary>\u00bfCu\u00e1ntos canales est\u00e1n disponibles?<\/summary>\n<p class=\"has-normal-font-size\" style=\"font-style:normal;font-weight:400\">Nuestra lista cuenta con <strong>miles de canales<\/strong>, incluyendo deportes, pel\u00edculas, series, infantiles, noticias, m\u00fasica y mucho m\u00e1s. La cantidad puede variar seg\u00fan las actualizaciones.<\/p>\n<\/details>\n\n\n\n<details class=\"wp-block-details has-border-color has-border-color-border-color has-light-color-color has-text-color has-link-color wp-elements-b18ea74d55eb8ac1aa1b2c76bcb712a5 wp-container-content-9cfa9a5a is-layout-flow wp-block-details-is-layout-flow\" style=\"border-width:1px;padding-top:var(--wp--preset--spacing--40);padding-right:var(--wp--preset--spacing--40);padding-bottom:var(--wp--preset--spacing--40);padding-left:var(--wp--preset--spacing--40);font-size:clamp(14px, 0.875rem + ((1vw - 3.2px) * 0.244), 18px);font-style:normal;font-weight:500\"><summary>\u00bfHay contenido en 4K?<\/summary>\n<p class=\"has-normal-font-size\" style=\"font-style:normal;font-weight:400\">\u00a1S\u00ed! Muchos canales y pel\u00edculas est\u00e1n disponibles en <strong>calidad 4K Ultra HD<\/strong>, garantizando la mejor imagen posible.<\/p>\n<\/details>\n\n\n\n<details class=\"wp-block-details has-border-color has-border-color-border-color has-light-color-color has-text-color has-link-color wp-elements-fbd03b708405494bcab4e3811d129a78 wp-container-content-9cfa9a5a is-layout-flow wp-block-details-is-layout-flow\" style=\"border-width:1px;padding-top:var(--wp--preset--spacing--40);padding-right:var(--wp--preset--spacing--40);padding-bottom:var(--wp--preset--spacing--40);padding-left:var(--wp--preset--spacing--40);font-size:clamp(14px, 0.875rem + ((1vw - 3.2px) * 0.244), 18px);font-style:normal;font-weight:500\"><summary>\u00bfPuedo compartir mi cuenta con otra persona?<\/summary>\n<p class=\"has-normal-font-size\" style=\"font-style:normal;font-weight:400\">S\u00ed, siempre que tu plan permita m\u00faltiples accesos simult\u00e1neos. Consulta las opciones al momento de la contrataci\u00f3n.<\/p>\n<\/details>\n<\/div>\n<\/div>\n<\/div>","protected":false},"excerpt":{"rendered":"<p>Pre\u00e7os e Planos Planos simples, valor poderoso Oferemos apenas um plano para assim disponibilizar o melhor para todos os nosso clientes, sem ter nenhuma diferencia\u00e7\u00e3o na qualidade ou quantidade de canais. R$29,90 \/m\u00eas PLANO \u00daNICO Todas as s\u00e9ries, canais e filmes disponiveis. Mais de 240 mil conte\u00fados para voc\u00ea, sem travamentos e sem delay, aqui&#8230;<\/p>","protected":false},"author":1,"featured_media":0,"parent":0,"menu_order":0,"comment_status":"closed","ping_status":"closed","template":"blank-with-header-footer","meta":{"footnotes":""},"class_list":["post-54","page","type-page","status-publish","hentry"],"_links":{"self":[{"href":"https:\/\/luxontv.online\/es\/wp-json\/wp\/v2\/pages\/54","targetHints":{"allow":["GET"]}}],"collection":[{"href":"https:\/\/luxontv.online\/es\/wp-json\/wp\/v2\/pages"}],"about":[{"href":"https:\/\/luxontv.online\/es\/wp-json\/wp\/v2\/types\/page"}],"author":[{"embeddable":true,"href":"https:\/\/luxontv.online\/es\/wp-json\/wp\/v2\/users\/1"}],"replies":[{"embeddable":true,"href":"https:\/\/luxontv.online\/es\/wp-json\/wp\/v2\/comments?post=54"}],"version-history":[{"count":7,"href":"https:\/\/luxontv.online\/es\/wp-json\/wp\/v2\/pages\/54\/revisions"}],"predecessor-version":[{"id":160,"href":"https:\/\/luxontv.online\/es\/wp-json\/wp\/v2\/pages\/54\/revisions\/160"}],"wp:attachment":[{"href":"https:\/\/luxontv.online\/es\/wp-json\/wp\/v2\/media?parent=54"}],"curies":[{"name":"wp","href":"https:\/\/api.w.org\/{rel}","templated":true}]}}